{"id":33,"date":"2023-12-11T13:04:39","date_gmt":"2023-12-11T12:04:39","guid":{"rendered":"http:\/\/smartfulfillment.de\/?page_id=33"},"modified":"2024-05-08T09:57:32","modified_gmt":"2024-05-08T07:57:32","slug":"leistungsuebersicht","status":"publish","type":"page","link":"http:\/\/smartfulfillment.de\/en\/leistungsuebersicht\/","title":{"rendered":"Leistungs\u00fcbersicht"},"content":{"rendered":"<section class=\"l-section wpb_row pageTitle height_huge color_primary parallax_ver\"><div class=\"l-section-overlay\" style=\"background:rgba(0,138,205,0.80)\"><\/div><div class=\"l-section-h i-cf\"><div class=\"g-cols vc_row via_flex valign_middle type_default stacking_default\"><div class=\"vc_col-sm-12 wpb_column vc_column_container\"><div class=\"vc_column-inner\"><div class=\"wpb_wrapper\"><h2 class=\"w-post-elm post_title us_custom_492414af has_text_color us_animate_this align_center entry-title color_link_inherit\">Leistungs\u00fcbersicht<\/h2><\/div><\/div><\/div><\/div><\/div><\/section><section class=\"l-section wpb_row height_medium width_custom\" style=\"--site-content-width:1000px;\"><div class=\"l-section-h i-cf\"><div class=\"g-cols vc_row via_flex valign_top type_default stacking_default\"><div class=\"vc_col-sm-12 wpb_column vc_column_container\"><div class=\"vc_column-inner\"><div class=\"wpb_wrapper\"><div class=\"wpb_text_column\"><div class=\"wpb_wrapper\"><p>Der Alltag im Onlinehandel kann oft herausfordernd sein: \u00dcberpr\u00fcfung der Lagerbest\u00e4nde, Artikelbestellungen, Retourenabwicklung, Kontrolle und Erstellung von Gutschriften, sowie die rechtzeitige Bearbeitung neuer Bestellungen \u2013 ein kleines Team st\u00f6\u00dft dabei schnell an seine Kapazit\u00e4tsgrenzen. Die strategische Planung f\u00fcr das Unternehmen bleibt oft auf der Strecke, da routinem\u00e4\u00dfige Aufgaben einen Gro\u00dfteil der Zeit in Anspruch nehmen. Bevor sinkende Auftragszahlen aufgrund fehlerhafter Bestandsf\u00fchrung und verz\u00f6gerter Lieferungen eintreten, ist eine rasche L\u00f6sung gefragt.<\/p>\n<p>Doch welche Alternativen stehen zur Verf\u00fcgung? Neue Mitarbeiter einstellen? Das Sortiment einschr\u00e4nken, um langfristig die Anzahl der Bestellungen zu reduzieren?<\/p>\n<p>Nein! Es gibt eine dritte Option: Einen externen Fulfillment-Partner f\u00fcr zeitaufw\u00e4ndige Logistikaufgaben engagieren und sich zuk\u00fcnftig auf die wirklich entscheidenden Aspekte des Onlinehandels konzentrieren.<\/p>\n<p><strong>Unsere L\u00f6sung f\u00fcr dich:<\/strong><\/p>\n<p>Wir bei Smartfulfillment bieten umfassende Fulfillment-Dienstleistungen, um dir den Alltag im Onlinehandel zu erleichtern. Wir \u00fcbernehmen die Kontrolle \u00fcber Lagerbest\u00e4nde, Bestellabwicklung, Retourenmanagement und mehr, damit du dich auf die strategische Weiterentwicklung des Unternehmens konzentrieren kannst. Verlasse dich auf unsere Expertise, um die Effizienz die Abl\u00e4ufe zu steigern und gleichzeitig Zeit und Energie f\u00fcr das Wesentliche zu haben \u2013 die nachhaltige Umsatzsteigerung!<\/p>\n<\/div><\/div><\/div><\/div><\/div><\/div><\/div><\/section><section class=\"l-section wpb_row height_small with_shape\"><div class=\"l-section-overlay\" style=\"background:#f5f5f5\"><\/div><div class=\"l-section-shape type_custom pos_top\" style=\"height:15vmin;\"><svg xmlns=\"http:\/\/www.w3.org\/2000\/svg\" viewbox=\"0 0 64 8\" preserveaspectratio=\"none\" width=\"100%\" height=\"100%\">\r\n\t<path fill=\"currentColor\" d=\"M64 8 L0 8 L0 0 L64 0 Z\"\/>\r\n<\/svg><\/div><div class=\"l-section-h i-cf\"><div class=\"g-cols vc_row via_flex valign_top type_default stacking_default\"><div class=\"vc_col-sm-12 wpb_column vc_column_container\"><div class=\"vc_column-inner\"><div class=\"wpb_wrapper\"><h4 class=\"w-text us_custom_a6715f3e\"><span class=\"w-text-h\"><span class=\"w-text-value\">Alle Leistungen auf einen Blick<\/span><\/span><\/h4><div class=\"w-separator size_small\"><\/div><div class=\"g-cols wpb_row via_flex valign_top type_default stacking_default\"><div class=\"vc_col-sm-4 wpb_column vc_column_container has_text_color has_bg_color\"><div class=\"vc_column-inner us_custom_d6706396\"><div class=\"wpb_wrapper\"><div class=\"w-iconbox iconpos_top style_circle color_primary align_center no_text no_title\"><div class=\"w-iconbox-icon\" style=\"font-size:40px;\"><i class=\"fal fa-router\"><\/i><\/div><div class=\"w-iconbox-meta\"><\/div><\/div><div class=\"w-separator size_small\"><\/div><h3 class=\"w-text us_custom_6dc7ac19 has_text_color\"><span class=\"w-text-h\"><span class=\"w-text-value\">Einlagerung<\/span><\/span><\/h3><div class=\"wpb_text_column us_custom_80a192e9\"><div class=\"wpb_wrapper\"><p style=\"text-align: center;\">Egal ob einzelne Produkte oder ganze Palette.<\/p>\n<\/div><\/div><\/div><\/div><\/div><div class=\"vc_col-sm-4 wpb_column vc_column_container has_text_color has_bg_color\"><div class=\"vc_column-inner us_custom_d6706396\"><div class=\"wpb_wrapper\"><div class=\"w-iconbox iconpos_top style_circle color_primary align_center no_text no_title\"><div class=\"w-iconbox-icon\" style=\"font-size:40px;\"><i class=\"fal fa-digital-tachograph\"><\/i><\/div><div class=\"w-iconbox-meta\"><\/div><\/div><div class=\"w-separator size_small\"><\/div><h3 class=\"w-text us_custom_6dc7ac19 has_text_color\"><span class=\"w-text-h\"><span class=\"w-text-value\">Verpacken &amp; Versenden<\/span><\/span><\/h3><div class=\"wpb_text_column us_custom_80a192e9 overflowWrap\"><div class=\"wpb_wrapper\"><p style=\"text-align: center;\">Wir verpacken und versenden deine Ware.<\/p>\n<\/div><\/div><\/div><\/div><\/div><div class=\"vc_col-sm-4 wpb_column vc_column_container has_text_color has_bg_color\"><div class=\"vc_column-inner us_custom_5d196911\"><div class=\"wpb_wrapper\"><div class=\"w-iconbox iconpos_top style_circle color_primary align_center no_text no_title\"><div class=\"w-iconbox-icon\" style=\"font-size:40px;\"><i class=\"fal fa-digital-tachograph\"><\/i><\/div><div class=\"w-iconbox-meta\"><\/div><\/div><div class=\"w-separator size_small\"><\/div><h3 class=\"w-text us_custom_6dc7ac19 has_text_color\"><span class=\"w-text-h\"><span class=\"w-text-value\">Retouren<\/span><\/span><\/h3><div class=\"wpb_text_column us_custom_80a192e9 overflowWrap\"><div class=\"wpb_wrapper\"><p style=\"text-align: center;\">Wir k\u00fcmmern uns um die Abwicklung der Retouren.<\/p>\n<\/div><\/div><\/div><\/div><\/div><\/div><div class=\"g-cols wpb_row via_flex valign_top type_default stacking_default\"><div class=\"vc_col-sm-4 wpb_column vc_column_container has_text_color has_bg_color\"><div class=\"vc_column-inner us_custom_d6706396\"><div class=\"wpb_wrapper\"><div class=\"w-iconbox iconpos_top style_circle color_primary align_center no_text no_title\"><div class=\"w-iconbox-icon\" style=\"font-size:40px;\"><i class=\"fal fa-router\"><\/i><\/div><div class=\"w-iconbox-meta\"><\/div><\/div><div class=\"w-separator size_small\"><\/div><h3 class=\"w-text us_custom_6dc7ac19 has_text_color\"><span class=\"w-text-h\"><span class=\"w-text-value\">Pre FBA-Service<\/span><\/span><\/h3><div class=\"wpb_text_column us_custom_80a192e9\"><div class=\"wpb_wrapper\"><p style=\"text-align: center;\">Warenimport, Etiketten und Versand an Amazon.<\/p>\n<\/div><\/div><\/div><\/div><\/div><div class=\"vc_col-sm-4 wpb_column vc_column_container has_text_color has_bg_color\"><div class=\"vc_column-inner us_custom_d6706396\"><div class=\"wpb_wrapper\"><div class=\"w-iconbox iconpos_top style_circle color_primary align_center no_text no_title\"><div class=\"w-iconbox-icon\" style=\"font-size:40px;\"><i class=\"fal fa-digital-tachograph\"><\/i><\/div><div class=\"w-iconbox-meta\"><\/div><\/div><div class=\"w-separator size_small\"><\/div><h3 class=\"w-text us_custom_6dc7ac19 has_text_color\"><span class=\"w-text-h\"><span class=\"w-text-value\">Konfektionieren<\/span><\/span><\/h3><div class=\"wpb_text_column us_custom_80a192e9 overflowWrap\"><div class=\"wpb_wrapper\"><p style=\"text-align: center;\">Wir begleiten dich bis ganz zum Schluss und dar\u00fcber hinaus.<\/p>\n<\/div><\/div><\/div><\/div><\/div><div class=\"vc_col-sm-4 wpb_column vc_column_container has_text_color has_bg_color\"><div class=\"vc_column-inner us_custom_5d196911\"><div class=\"wpb_wrapper\"><div class=\"w-iconbox iconpos_top style_circle color_primary align_center no_text no_title\"><div class=\"w-iconbox-icon\" style=\"font-size:40px;\"><i class=\"fal fa-digital-tachograph\"><\/i><\/div><div class=\"w-iconbox-meta\"><\/div><\/div><div class=\"w-separator size_small\"><\/div><h3 class=\"w-text us_custom_6dc7ac19 has_text_color\"><span class=\"w-text-h\"><span class=\"w-text-value\">Individuelle L\u00f6sungen<\/span><\/span><\/h3><div class=\"wpb_text_column us_custom_80a192e9 overflowWrap\"><div class=\"wpb_wrapper\"><p style=\"text-align: center;\">Wir unterst\u00fctzen dich bei individuellen L\u00f6sungen.<\/p>\n<\/div><\/div><\/div><\/div><\/div><\/div><div class=\"w-separator size_large\"><\/div><\/div><\/div><\/div><\/div><\/div><\/section><section class=\"l-section wpb_row us_custom_627e01f1 style01 height_huge width_custom color_secondary with_img parallax_ver\" style=\"--site-content-width:1000px;\"><div class=\"l-section-img\" role=\"img\" data-img-width=\"1080\" data-img-height=\"1256\" style=\"background-image: url(https:\/\/smartfulfillment.de\/wp-content\/uploads\/2023\/12\/logo-icon-outline.svg);\"><\/div><div class=\"l-section-h i-cf\"><div class=\"g-cols vc_row via_flex valign_top type_default stacking_default\"><div class=\"vc_col-sm-12 wpb_column vc_column_container\"><div class=\"vc_column-inner\"><div class=\"wpb_wrapper\"><h4 class=\"w-text us_custom_d44d8758 has_text_color\"><span class=\"w-text-h\"><span class=\"w-text-value\">Das macht uns so besonders!<\/span><\/span><\/h4><div class=\"w-separator size_medium\"><\/div><div class=\"g-cols wpb_row via_flex valign_top type_default stacking_default\" style=\"--additional-gap:.6rem;\"><div class=\"vc_col-sm-6 wpb_column vc_column_container\"><div class=\"vc_column-inner us_custom_0ad421af\"><div class=\"vc_column-overlay\" style=\"background:rgba(35,44,64,0.85)\"><\/div><div class=\"wpb_wrapper\"><div class=\"w-iconbox iconpos_top style_outlined color_primary align_center no_text no_title\"><div class=\"w-iconbox-icon\" style=\"font-size:40px;\"><i class=\"fal fa-router\"><\/i><\/div><div class=\"w-iconbox-meta\"><\/div><\/div><div class=\"w-separator size_small\"><\/div><h3 class=\"w-text us_custom_5e98be21 has_text_color\"><span class=\"w-text-h\"><span class=\"w-text-value\">Modernste Technik &amp; hohe Innovation<\/span><\/span><\/h3><\/div><\/div><\/div><div class=\"vc_col-sm-6 wpb_column vc_column_container\"><div class=\"vc_column-inner us_custom_0ad421af\"><div class=\"vc_column-overlay\" style=\"background:rgba(35,44,64,0.85)\"><\/div><div class=\"wpb_wrapper\"><div class=\"w-iconbox iconpos_top style_outlined color_primary align_center no_text no_title\"><div class=\"w-iconbox-icon\" style=\"font-size:40px;\"><i class=\"fal fa-digital-tachograph\"><\/i><\/div><div class=\"w-iconbox-meta\"><\/div><\/div><div class=\"w-separator size_small\"><\/div><h3 class=\"w-text us_custom_5e98be21 has_text_color\"><span class=\"w-text-h\"><span class=\"w-text-value\">Datensynchronisierung mit allen g\u00e4ngigen Systemen<\/span><\/span><\/h3><\/div><\/div><\/div><\/div><div class=\"w-separator size_small\"><\/div><div class=\"g-cols wpb_row via_flex valign_top type_default stacking_default\" style=\"--additional-gap:.6rem;\"><div class=\"vc_col-sm-6 wpb_column vc_column_container\"><div class=\"vc_column-inner us_custom_0ad421af\"><div class=\"vc_column-overlay\" style=\"background:rgba(35,44,64,0.85)\"><\/div><div class=\"wpb_wrapper\"><div class=\"w-iconbox iconpos_top style_outlined color_primary align_center no_text no_title\"><div class=\"w-iconbox-icon\" style=\"font-size:40px;\"><i class=\"fal fa-digital-tachograph\"><\/i><\/div><div class=\"w-iconbox-meta\"><\/div><\/div><div class=\"w-separator size_small\"><\/div><h3 class=\"w-text us_custom_5e98be21 has_text_color\"><span class=\"w-text-h\"><span class=\"w-text-value\">Pers\u00f6nliches Dashboard mit Daten<\/span><\/span><\/h3><\/div><\/div><\/div><div class=\"vc_col-sm-6 wpb_column vc_column_container\"><div class=\"vc_column-inner us_custom_e62a6086\"><div class=\"vc_column-overlay\" style=\"background:rgba(35,44,64,0.85)\"><\/div><div class=\"wpb_wrapper\"><div class=\"w-iconbox iconpos_top style_outlined color_primary align_center no_text no_title\"><div class=\"w-iconbox-icon\" style=\"font-size:40px;\"><i class=\"fal fa-digital-tachograph\"><\/i><\/div><div class=\"w-iconbox-meta\"><\/div><\/div><div class=\"w-separator size_small\"><\/div><h3 class=\"w-text us_custom_5e98be21 has_text_color\"><span class=\"w-text-h\"><span class=\"w-text-value\">Nachhaltige L\u00f6sungen<\/span><\/span><\/h3><\/div><\/div><\/div><\/div><div class=\"w-separator size_small\"><\/div><\/div><\/div><\/div><\/div><\/div><\/section><section class=\"l-section wpb_row height_medium width_custom\" style=\"--site-content-width:1000px;\"><div class=\"l-section-h i-cf\"><div class=\"g-cols vc_row via_flex valign_top type_default stacking_default\"><div class=\"vc_col-sm-12 wpb_column vc_column_container\"><div class=\"vc_column-inner\"><div class=\"wpb_wrapper\"><h3 class=\"w-text us_custom_211d1c74 has_text_color\"><span class=\"w-text-h\"><span class=\"w-text-value\">Konfektionieren \u2013 ganz unser Spezialgebiet<\/span><\/span><\/h3><div class=\"w-separator size_small\"><\/div><div class=\"wpb_text_column\"><div class=\"wpb_wrapper\"><p>Unser Konfektionierungsservice bietet ma\u00dfgeschneiderte L\u00f6sungen f\u00fcr die Zusammenstellung und Verpackung deiner Produkte. Egal, ob du Geschenksets zusammenstellen, Produktkomponenten montieren oder deine Produkte personalisieren m\u00f6chtest \u2013 wir \u00fcbernehmen die Feinheiten, damit deine Produkte perfekt pr\u00e4sentiert werden. Mit unserem Fachwissen und unserer Sorgfalt stellen wir sicher, dass jede Konfektionierung den h\u00f6chsten Qualit\u00e4tsstandards entspricht. Verlass dich auf uns, um deine Produkte professionell zu veredeln und deine Kunden zu begeistern.<\/p>\n<\/div><\/div><div class=\"w-separator size_medium\"><\/div><div class=\"g-cols wpb_row via_flex valign_top type_default stacking_default\" style=\"--additional-gap:.5rem;\"><div class=\"vc_col-sm-3 wpb_column vc_column_container has_bg_color\"><div class=\"vc_column-inner us_custom_5267c589\"><div class=\"wpb_wrapper\"><div class=\"w-counter us_custom_cc7150f4 color_heading align_left has_font_size\" data-duration=\"2\"><div class=\"w-counter-value\"><span class=\"w-counter-value-part type_text\" data-final=\"\"><\/span><span class=\"w-counter-value-part type_number\" data-final=\"1,2\">0<\/span><span class=\"w-counter-value-part type_text\" data-final=\"M+\"><\/span><\/div><\/div><div class=\"w-separator size_custom with_line width_default thick_1 style_solid color_border align_center\" style=\"height:30px\"><div class=\"w-separator-h\"><\/div><\/div><div class=\"w-text us_custom_f73f4019\"><span class=\"w-text-h\"><span class=\"w-text-value\">Artikelbewegungen pro Jahr<\/span><\/span><\/div><\/div><\/div><\/div><div class=\"vc_col-sm-3 wpb_column vc_column_container has_bg_color\"><div class=\"vc_column-inner us_custom_5267c589\"><div class=\"wpb_wrapper\"><div class=\"w-counter us_custom_cc7150f4 color_heading align_left has_font_size\" data-duration=\"2\"><div class=\"w-counter-value\"><span class=\"w-counter-value-part type_text\" data-final=\"\"><\/span><span class=\"w-counter-value-part type_number\" data-final=\"600.000\">0<\/span><span class=\"w-counter-value-part type_text\" data-final=\"+\"><\/span><\/div><\/div><div class=\"w-separator size_custom with_line width_default thick_1 style_solid color_border align_center\" style=\"height:30px\"><div class=\"w-separator-h\"><\/div><\/div><div class=\"w-text us_custom_f73f4019\"><span class=\"w-text-h\"><span class=\"w-text-value\">Artikel lagernd<\/span><\/span><\/div><\/div><\/div><\/div><div class=\"vc_col-sm-3 wpb_column vc_column_container has_bg_color\"><div class=\"vc_column-inner us_custom_5267c589\"><div class=\"wpb_wrapper\"><div class=\"w-counter us_custom_cc7150f4 color_heading align_left has_font_size\" data-duration=\"2\"><div class=\"w-counter-value\"><span class=\"w-counter-value-part type_text\" data-final=\"\"><\/span><span class=\"w-counter-value-part type_number\" data-final=\"98\">0<\/span><span class=\"w-counter-value-part type_text\" data-final=\"%\">%<\/span><\/div><\/div><div class=\"w-separator size_custom with_line width_default thick_1 style_solid color_border align_center\" style=\"height:30px\"><div class=\"w-separator-h\"><\/div><\/div><div class=\"w-text us_custom_f73f4019\"><span class=\"w-text-h\"><span class=\"w-text-value\">der Pakete werden am n\u00e4chsten Werktag zugestellt<\/span><\/span><\/div><\/div><\/div><\/div><div class=\"vc_col-sm-3 wpb_column vc_column_container has_bg_color\"><div class=\"vc_column-inner us_custom_5267c589\"><div class=\"wpb_wrapper\"><div class=\"w-counter us_custom_cc7150f4 color_heading align_left has_font_size\" data-duration=\"2\"><div class=\"w-counter-value\"><span class=\"w-counter-value-part type_text\" data-final=\"\"><\/span><span class=\"w-counter-value-part type_number\" data-final=\"1000\">0000<\/span><span class=\"w-counter-value-part type_text\" data-final=\" m\u00b2\"> m\u00b2<\/span><\/div><\/div><div class=\"w-separator size_custom with_line width_default thick_1 style_solid color_border align_center\" style=\"height:30px\"><div class=\"w-separator-h\"><\/div><\/div><div class=\"w-text us_custom_f73f4019\"><span class=\"w-text-h\"><span class=\"w-text-value\">Lagerfl\u00e4che (ca.)<\/span><\/span><\/div><\/div><\/div><\/div><\/div><div class=\"w-separator size_medium\"><\/div><\/div><\/div><\/div><\/div><\/div><\/section><section class=\"l-section wpb_row height_medium width_custom with_img\" style=\"--site-content-width:650px;\"><div class=\"l-section-img\" role=\"img\" data-img-width=\"1080\" data-img-height=\"1256\" style=\"background-image: url(https:\/\/smartfulfillment.de\/wp-content\/uploads\/2023\/12\/logo-icon-dark.svg);\"><\/div><div class=\"l-section-overlay\" style=\"background:linear-gradient(0deg,rgba(255,255,255,0.7),#ffffff)\"><\/div><div class=\"l-section-h i-cf\"><div class=\"g-cols vc_row via_flex valign_middle type_default stacking_default\"><div class=\"vc_col-sm-12 wpb_column vc_column_container\"><div class=\"vc_column-inner\"><div class=\"wpb_wrapper\"><div class=\"w-separator size_custom\" style=\"height:0\" id=\"hdd9\"><style>@media(max-width:1024px){ #hdd9{height:3rem!important}}@media(max-width:600px){ #hdd9{height:3rem!important}}<\/style><\/div><h5 class=\"w-text us_custom_eb849559\"><span class=\"w-text-h\"><span class=\"w-text-value\">Kontakt Formular<\/span><\/span><\/h5><form class=\"w-form  layout_ver for_cform us_form_1\" autocomplete=\"off\" action=\"\/en\/wp-json\/wp\/v2\/pages\/33\" method=\"post\" data-trp-original-action=\"http:\/\/smartfulfillment.de\/en\/en\/wp-json\/wp\/v2\/pages\/33\"><div class=\"w-form-h\"><div class=\"w-form-row for_text has_label required\">\r\n\t\t\t<div class=\"w-form-row-label\">\r\n\t\t\t<span>Name *<\/span>\r\n\t\t<\/div>\r\n\t\t<div class=\"w-form-row-field\">\r\n\t\t\t\t\t\t<input aria-label=\"Name\" type=\"text\" name=\"us_form_1_text_1\" value placeholder data-required=\"true\" aria-required=\"true\"\/>\r\n\t\t\t<\/div>\r\n\t\t<div class=\"w-form-row-state\">Fill out this field<\/div>\r\n<\/div>\r\n<div class=\"w-form-row for_text has_label required cols_2\">\r\n\t\t\t<div class=\"w-form-row-label\">\r\n\t\t\t<span>Telefon *<\/span>\r\n\t\t<\/div>\r\n\t\t<div class=\"w-form-row-field\">\r\n\t\t\t\t\t\t<input aria-label=\"Telefon\" inputmode=\"tel\" type=\"text\" name=\"us_form_1_text_2\" value placeholder data-required=\"true\" aria-required=\"true\"\/>\r\n\t\t\t<\/div>\r\n\t\t<div class=\"w-form-row-state\">Fill out this field<\/div>\r\n<\/div>\r\n<div class=\"w-form-row for_email has_label required cols_2\">\r\n\t\t\t<div class=\"w-form-row-label\">\r\n\t\t\t<span>E-Mail *<\/span>\r\n\t\t<\/div>\r\n\t\t<div class=\"w-form-row-field\">\r\n\t\t\t\t\t\t<input aria-label=\"E-Mail\" type=\"email\" name=\"us_form_1_email_1\" value placeholder data-required=\"true\" aria-required=\"true\"\/>\r\n\t\t\t<\/div>\r\n\t\t<div class=\"w-form-row-state\">Please enter a valid email address.<\/div>\r\n<\/div>\r\n<div class=\"w-form-row for_textarea has_label\">\r\n\t\t\t<div class=\"w-form-row-label\">\r\n\t\t\t<span>Deine Nachricht<\/span>\r\n\t\t<\/div>\r\n\t\t<div class=\"w-form-row-field\">\r\n\t\t\t\t\t\t<textarea aria-label=\"Deine Nachricht\" name=\"us_form_1_textarea_1\" placeholder><\/textarea>\r\n\t\t\t<\/div>\r\n\t\t<div class=\"w-form-row-state\">Fill out this field<\/div>\r\n<\/div>\r\n<div class=\"w-form-row for_captcha has_label required cols_2\">\r\n\t<div class=\"w-form-row-label\">\r\n\t\t<span>\u00dcberpr\u00fcfung <span>25 - 8 = ?<\/span><\/span>\r\n\t<\/div>\r\n\t<div class=\"w-form-row-field\">\r\n\t\t\t\t<input type=\"hidden\" name=\"us_form_1_captcha_1_hash\" value=\"1a38efa5d8058522f2b5420d8ff02621\" \/>\r\n\t\t\t\t<input aria-label=\"\u00dcberpr\u00fcfung\" type=\"text\" name=\"us_form_1_captcha_1\" placeholder data-required=\"true\" aria-required=\"true\"\/>\r\n\t\t\t<\/div>\r\n\t\t<div class=\"w-form-row-state\">Enter the equation result to proceed<\/div>\r\n<\/div>\r\n<input type=\"hidden\" name=\"action\" value=\"us_ajax_cform\" \/>\r\n<input type=\"hidden\" name=\"post_id\" value=\"0\" \/>\r\n<input type=\"hidden\" name=\"form_index\" value=\"1\" \/>\r\n<div class=\"w-form-row for_submit align_none\">\r\n\t<button class=\"w-btn icon_atright us-btn-style_2\" aria-label=\"Formular absenden\" type=\"submit\">\r\n\t\t<span class=\"g-preloader type_1\"><\/span>\r\n\t\t\t\t<span class=\"w-btn-label\">Formular absenden<\/span>\r\n\t\t<i class=\"far fa-paper-plane\"><\/i>\t<\/button>\r\n\t<\/div>\r\n<\/div><div class=\"w-form-message\"><\/div><div class=\"w-form-json hidden\" onclick='return {&quot;ajaxurl&quot;:&quot;https:\\\/\\\/smartfulfillment.de\\\/wp-admin\\\/admin-ajax.php&quot;,&quot;messages&quot;:{&quot;err_empty&quot;:&quot;Fill out this field&quot;,&quot;err_size&quot;:&quot;File size cannot exceed %s MB&quot;,&quot;err_extension&quot;:&quot;%s file type is not allowed&quot;}}'><\/div><input type=\"hidden\" name=\"trp-form-language\" value=\"en\"\/><\/form><\/div><\/div><\/div><\/div><\/div><\/section>","protected":false},"excerpt":{"rendered":"Leistungs\u00fcbersichtDer Alltag im Onlinehandel kann oft herausfordernd sein: \u00dcberpr\u00fcfung der Lagerbest\u00e4nde, Artikelbestellungen, Retourenabwicklung, Kontrolle und Erstellung von Gutschriften, sowie die rechtzeitige Bearbeitung neuer Bestellungen \u2013 ein kleines Team st\u00f6\u00dft dabei schnell an seine Kapazit\u00e4tsgrenzen. Die strategische Planung f\u00fcr das Unternehmen bleibt oft auf der Strecke, da routinem\u00e4\u00dfige Aufgaben einen Gro\u00dfteil der Zeit in Anspruch nehmen....","protected":false},"author":1,"featured_media":0,"parent":0,"menu_order":1,"comment_status":"closed","ping_status":"closed","template":"","meta":{"footnotes":"","_wp_rev_ctl_limit":""},"class_list":["post-33","page","type-page","status-publish","hentry"],"_links":{"self":[{"href":"http:\/\/smartfulfillment.de\/en\/wp-json\/wp\/v2\/pages\/33","targetHints":{"allow":["GET"]}}],"collection":[{"href":"http:\/\/smartfulfillment.de\/en\/wp-json\/wp\/v2\/pages"}],"about":[{"href":"http:\/\/smartfulfillment.de\/en\/wp-json\/wp\/v2\/types\/page"}],"author":[{"embeddable":true,"href":"http:\/\/smartfulfillment.de\/en\/wp-json\/wp\/v2\/users\/1"}],"replies":[{"embeddable":true,"href":"http:\/\/smartfulfillment.de\/en\/wp-json\/wp\/v2\/comments?post=33"}],"version-history":[{"count":5,"href":"http:\/\/smartfulfillment.de\/en\/wp-json\/wp\/v2\/pages\/33\/revisions"}],"predecessor-version":[{"id":234,"href":"http:\/\/smartfulfillment.de\/en\/wp-json\/wp\/v2\/pages\/33\/revisions\/234"}],"wp:attachment":[{"href":"http:\/\/smartfulfillment.de\/en\/wp-json\/wp\/v2\/media?parent=33"}],"curies":[{"name":"wp","href":"https:\/\/api.w.org\/{rel}","templated":true}]}}