{"id":35,"date":"2023-12-11T13:04:51","date_gmt":"2023-12-11T12:04:51","guid":{"rendered":"http:\/\/smartfulfillment.de\/?page_id=35"},"modified":"2024-05-07T11:10:37","modified_gmt":"2024-05-07T09:10:37","slug":"ueber-uns","status":"publish","type":"page","link":"https:\/\/smartfulfillment.de\/en\/ueber-uns\/","title":{"rendered":"\u00dcber uns"},"content":{"rendered":"<section class=\"l-section wpb_row pageTitle height_huge color_primary with_img parallax_ver\"><div class=\"l-section-img\" role=\"img\" data-img-width=\"1920\" data-img-height=\"1080\" style=\"background-image: url(https:\/\/smartfulfillment.de\/wp-content\/uploads\/2023\/12\/placeholder.jpg);\"><\/div><div class=\"l-section-overlay\" style=\"background:rgba(0,138,205,0.80)\"><\/div><div class=\"l-section-h i-cf\"><div class=\"g-cols vc_row via_flex valign_middle type_default stacking_default\"><div class=\"vc_col-sm-12 wpb_column vc_column_container\"><div class=\"vc_column-inner\"><div class=\"wpb_wrapper\"><h2 class=\"w-post-elm post_title us_custom_492414af has_text_color us_animate_this align_center entry-title color_link_inherit\">\u00dcber uns<\/h2><\/div><\/div><\/div><\/div><\/div><\/section><section class=\"l-section wpb_row height_medium width_custom\" style=\"--site-content-width:1000px;\"><div class=\"l-section-overlay\" style=\"background:linear-gradient(0deg,#f5f5f5,#ffffff)\"><\/div><div class=\"l-section-h i-cf\"><div class=\"g-cols vc_row via_flex valign_top type_default stacking_default\"><div class=\"vc_col-sm-12 wpb_column vc_column_container\"><div class=\"vc_column-inner\"><div class=\"wpb_wrapper\"><div class=\"g-cols wpb_row via_flex valign_middle type_default stacking_default\"><div class=\"vc_col-sm-6 wpb_column vc_column_container\"><div class=\"vc_column-inner\"><div class=\"wpb_wrapper\"><div class=\"wpb_text_column\"><div class=\"wpb_wrapper\"><p>Gegr\u00fcndet im Jahr 2020 sind wir mehr als nur ein Handelsunternehmen; wir sind Handels-Enthusiasten, die die Herausforderungen des Handels im Bereich Fulfillment verstehen und dir ma\u00dfgeschneiderte L\u00f6sungen bieten.<\/p>\n<p>Deine Handelsleidenschaft:<br \/>\nUnsere Wurzeln liegen im Handel, und genau das macht uns zu deinem idealen Partner. Wir verstehen, dass jeder Aspekt des Handels durchdacht und effizient sein muss. Unsere Geschichte ist gepr\u00e4gt von den realen Herausforderungen, die Handelsunternehmen tagt\u00e4glich bew\u00e4ltigen m\u00fcssen.<\/p>\n<p>In einer Welt, die von Authentizit\u00e4t getrieben wird, bringen wir die Echtheit des Handels in den Vordergrund. Hinter jedem Schritt steht kein anonymes Unternehmen, sondern ein Team von Experten, welches deine Bed\u00fcrfnisse und Anforderungen kennt und dir an der richtigen Stelle den besten Impuls geben kann.<\/p>\n<\/div><\/div><\/div><\/div><\/div><div class=\"vc_col-sm-6 wpb_column vc_column_container\"><div class=\"vc_column-inner\"><div class=\"wpb_wrapper\"><div class=\"w-image style03 has_ratio align_none\"><div class=\"w-image-h\"><div style=\"padding-bottom:100%\"><\/div><img loading=\"lazy\" decoding=\"async\" width=\"1024\" height=\"576\" src=\"https:\/\/smartfulfillment.de\/wp-content\/uploads\/2023\/12\/placeholder-1024x576.jpg\" class=\"attachment-large size-large\" alt=\"\" srcset=\"https:\/\/smartfulfillment.de\/wp-content\/uploads\/2023\/12\/placeholder-1024x576.jpg 1024w, https:\/\/smartfulfillment.de\/wp-content\/uploads\/2023\/12\/placeholder-300x169.jpg 300w, https:\/\/smartfulfillment.de\/wp-content\/uploads\/2023\/12\/placeholder-600x338.jpg 600w, https:\/\/smartfulfillment.de\/wp-content\/uploads\/2023\/12\/placeholder.jpg 1920w\" sizes=\"auto, (max-width: 1024px) 100vw, 1024px\" \/><\/div><\/div><\/div><\/div><\/div><\/div><\/div><\/div><\/div><\/div><\/div><\/section><section class=\"l-section wpb_row us_custom_627e01f1 style01 height_huge width_custom color_secondary with_img parallax_ver\" style=\"--site-content-width:1000px;\"><div class=\"l-section-img\" role=\"img\" data-img-width=\"1080\" data-img-height=\"1256\" style=\"background-image: url(https:\/\/smartfulfillment.de\/wp-content\/uploads\/2023\/12\/logo-icon-outline.svg);\"><\/div><div class=\"l-section-h i-cf\"><div class=\"g-cols vc_row via_flex valign_top type_default stacking_default\"><div class=\"vc_col-sm-12 wpb_column vc_column_container\"><div class=\"vc_column-inner\"><div class=\"wpb_wrapper\"><div class=\"w-separator size_medium\"><\/div><div class=\"g-cols wpb_row via_flex valign_top type_default stacking_default\" style=\"--additional-gap:.6rem;\"><div class=\"vc_col-sm-6 wpb_column vc_column_container\"><div class=\"vc_column-inner us_custom_0ad421af\"><div class=\"vc_column-overlay\" style=\"background:rgba(35,44,64,0.85)\"><\/div><div class=\"wpb_wrapper\"><div class=\"wpb_text_column\"><div class=\"wpb_wrapper\"><p><strong>Fulfillment f\u00fcr Dich als Unternehmer:<\/strong><\/p>\n<p>Unser Fulfillment-Service ist mehr als nur Logistik; er ist dein Schl\u00fcssel, um Handelsprozesse zu optimieren und das Wachstum deines Unternehmens voranzutreiben. Egal, ob du ein kleines Unternehmen oder ein Gro\u00dfunternehmen bist, wir bieten skalierbare L\u00f6sungen, die auf deine individuellen Bed\u00fcrfnisse zugeschnitten sind.<\/p>\n<p>Jedes Business ist einzigartig! Deshalb gestalten wir gemeinsam mit dir L\u00f6sungen, die perfekt zu deiner Organisationsstruktur passen. Unser Ansatz ist nicht vordefiniert, sondern flexibel und anpassungsf\u00e4hig, damit du die Kontrolle \u00fcber deine Prozesse beh\u00e4ltst.<\/p>\n<\/div><\/div><\/div><\/div><\/div><div class=\"vc_col-sm-6 wpb_column vc_column_container\"><div class=\"vc_column-inner us_custom_74ec3239\"><div class=\"wpb_wrapper\"><div class=\"wpb_text_column\"><div class=\"wpb_wrapper\"><p><strong>Intelligente L\u00f6sungen f\u00fcr Dein Business:<\/strong><\/p>\n<p>Unsere smarte Denkweise geht \u00fcber den reinen Fulfillment-Service hinaus. Wir bieten intelligente L\u00f6sungen, die deinen Handel vorantreiben und gleichzeitig die gemeinsamen Ressourcen effizient nutzen. In einer Welt, die sich st\u00e4ndig ver\u00e4ndert, sind wir dein Partner, der dir hilft, den Wettbewerbsvorteil zu behalten.<\/p>\n<p>Lass uns gemeinsam dein Business auf das n\u00e4chste Level heben und die effiziente Fulfillment zu einem Motor f\u00fcr dein unternehmerisches Wachstum machen.<\/p>\n<\/div><\/div><\/div><\/div><\/div><\/div><div class=\"w-separator size_small\"><\/div><\/div><\/div><\/div><\/div><\/div><\/section><section class=\"l-section wpb_row height_large width_custom\" style=\"--site-content-width:900px;\"><div class=\"l-section-h i-cf\"><div class=\"g-cols vc_row via_flex valign_top type_default stacking_default\"><div class=\"vc_col-sm-12 wpb_column vc_column_container\"><div class=\"vc_column-inner\"><div class=\"wpb_wrapper\"><h4 class=\"w-text us_custom_eb849559\"><span class=\"w-text-h\"><span class=\"w-text-value\">Jetzt Smarte L\u00f6sung f\u00fcr dein Business finden!<\/span><\/span><\/h4><div class=\"w-btn-wrapper default_align_center laptops_align_none tablets_align_none mobiles_align_justify\"><a class=\"w-btn us-btn-style_2 us_custom_492179a4\" href=\"http:\/\/smartfulfillment.de\/en\/anfrage-stellen\/\"><span class=\"w-btn-label\">Jetzt anfrage stellen!<\/span><\/a><\/div><\/div><\/div><\/div><\/div><\/div><\/section>","protected":false},"excerpt":{"rendered":"\u00dcber unsGegr\u00fcndet im Jahr 2020 sind wir mehr als nur ein Handelsunternehmen; wir sind Handels-Enthusiasten, die die Herausforderungen des Handels im Bereich Fulfillment verstehen und dir ma\u00dfgeschneiderte L\u00f6sungen bieten. Deine Handelsleidenschaft: Unsere Wurzeln liegen im Handel, und genau das macht uns zu deinem idealen Partner. Wir verstehen, dass jeder Aspekt des Handels durchdacht und effizient...","protected":false},"author":1,"featured_media":81,"parent":0,"menu_order":2,"comment_status":"closed","ping_status":"closed","template":"","meta":{"footnotes":"","_wp_rev_ctl_limit":""},"class_list":["post-35","page","type-page","status-publish","has-post-thumbnail","hentry"],"_links":{"self":[{"href":"https:\/\/smartfulfillment.de\/en\/wp-json\/wp\/v2\/pages\/35","targetHints":{"allow":["GET"]}}],"collection":[{"href":"https:\/\/smartfulfillment.de\/en\/wp-json\/wp\/v2\/pages"}],"about":[{"href":"https:\/\/smartfulfillment.de\/en\/wp-json\/wp\/v2\/types\/page"}],"author":[{"embeddable":true,"href":"https:\/\/smartfulfillment.de\/en\/wp-json\/wp\/v2\/users\/1"}],"replies":[{"embeddable":true,"href":"https:\/\/smartfulfillment.de\/en\/wp-json\/wp\/v2\/comments?post=35"}],"version-history":[{"count":5,"href":"https:\/\/smartfulfillment.de\/en\/wp-json\/wp\/v2\/pages\/35\/revisions"}],"predecessor-version":[{"id":216,"href":"https:\/\/smartfulfillment.de\/en\/wp-json\/wp\/v2\/pages\/35\/revisions\/216"}],"wp:featuredmedia":[{"embeddable":true,"href":"https:\/\/smartfulfillment.de\/en\/wp-json\/wp\/v2\/media\/81"}],"wp:attachment":[{"href":"https:\/\/smartfulfillment.de\/en\/wp-json\/wp\/v2\/media?parent=35"}],"curies":[{"name":"wp","href":"https:\/\/api.w.org\/{rel}","templated":true}]}}