{"id":41,"date":"2023-12-11T13:07:29","date_gmt":"2023-12-11T12:07:29","guid":{"rendered":"http:\/\/smartfulfillment.de\/?page_id=41"},"modified":"2024-05-08T09:56:46","modified_gmt":"2024-05-08T07:56:46","slug":"jobs","status":"publish","type":"page","link":"https:\/\/smartfulfillment.de\/en\/jobs\/","title":{"rendered":"Jobs"},"content":{"rendered":"<section class=\"l-section wpb_row pageTitle height_huge color_primary parallax_ver\"><div class=\"l-section-overlay\" style=\"background:rgba(0,138,205,0.80)\"><\/div><div class=\"l-section-h i-cf\"><div class=\"g-cols vc_row via_flex valign_middle type_default stacking_default\"><div class=\"vc_col-sm-12 wpb_column vc_column_container\"><div class=\"vc_column-inner\"><div class=\"wpb_wrapper\"><h2 class=\"w-post-elm post_title us_custom_492414af has_text_color us_animate_this align_center entry-title color_link_inherit\">Jobs<\/h2><\/div><\/div><\/div><\/div><\/div><\/section><section class=\"l-section wpb_row height_medium width_custom\" style=\"--site-content-width:800px;\" id=\"section-01\"><div class=\"l-section-h i-cf\"><div class=\"g-cols vc_row via_flex valign_top type_default stacking_default\"><div class=\"vc_col-sm-12 wpb_column vc_column_container\"><div class=\"vc_column-inner\"><div class=\"wpb_wrapper\"><div class=\"wpb_text_column\"><div class=\"wpb_wrapper\"><h2 style=\"text-align: center;\">Smart Fulfillment<\/h2>\n<\/div><\/div><div class=\"w-separator size_medium\"><\/div><div class=\"w-tabs style_default switch_click accordion type_togglable has_scrolling remove_indents\" style=\"--sections-title-size:1.2rem\"><div class=\"w-tabs-sections titles-align_none icon_chevron cpos_right\"><div class=\"w-tabs-section\" id=\"cedc\"><button class=\"w-tabs-section-header\" aria-controls=\"content-cedc\" aria-expanded=\"false\"><h6 class=\"w-tabs-section-title\">Mitarbeiter Lager &amp; Logistik (m\/w\/d) (Vollzeit\/Teilzeit)<\/h6><div class=\"w-tabs-section-control\"><\/div><\/button><div  class=\"w-tabs-section-content\" id=\"content-cedc\"><div class=\"w-tabs-section-content-h i-cf\"><div class=\"wpb_text_column\"><div class=\"wpb_wrapper\"><p>Deine Aufgaben:<\/p>\n<ul>\n<li>Du pickst die Artikel mit unseren It-gest\u00fctzen Systemen<\/li>\n<li>Du verpackst die Ware und stellst diese f\u00fcr den Versand bereit<\/li>\n<li>Du arbeitest im Team<\/li>\n<\/ul>\n<p>Das solltest du mitbringen:<\/p>\n<ul>\n<li>Erfahrung im Lager ist w\u00fcnschenswert aber kein Muss<\/li>\n<li>Einsatzbereitschaft sowie Sicherheits- und Qualit\u00e4tsbewusstsein<\/li>\n<li>Belastbarkeit, Teamf\u00e4higkeit und \u00fcberdurchschnittliches Engagement<\/li>\n<li>Sehr gute Deutschkenntnisse<\/li>\n<\/ul>\n<\/div><\/div><\/div><\/div><\/div><div class=\"w-tabs-section\" id=\"b019\"><button class=\"w-tabs-section-header\" aria-controls=\"content-b019\" aria-expanded=\"false\"><h6 class=\"w-tabs-section-title\">Verst\u00e4rkung Backoffice (m\/w\/d) (Vollzeit\/Teilzeit)<\/h6><div class=\"w-tabs-section-control\"><\/div><\/button><div  class=\"w-tabs-section-content\" id=\"content-b019\"><div class=\"w-tabs-section-content-h i-cf\"><div class=\"wpb_text_column\"><div class=\"wpb_wrapper\"><p>Deine Aufgaben:<\/p>\n<p>Du wirst in allen Abteilungen des Lagers eingesetzt und bearbeitest unsere Versandauftr\u00e4ge<br \/>\nZudem f\u00fchrst Du Aufgaben im Bereich des Wareneingangs (wie z.B. Warenannahme und -pr\u00fcfung), des Kommissionierens oder des Warenausgangs durch<br \/>\nDu arbeitest im Team<\/p>\n<p>Das solltest du mitbringen:<\/p>\n<p class=\"p1\">Erfolgreich abgeschlossene Ausbildung im Bereich Lagerlogistik, z. B. zur Fachkraft f\u00fcr Lagerlogistik oder zum Handelsfachpacker<br \/>\nEinsatzbereitschaft sowie Sicherheits- und Qualit\u00e4tsbewusstsein<br \/>\nBelastbarkeit, Teamf\u00e4higkeit und \u00fcberdurchschnittliches Engagement<br \/>\nSehr gute Deutschkenntnisse<\/p>\n<\/div><\/div><\/div><\/div><\/div><\/div><\/div><div class=\"w-separator size_medium\"><\/div><div class=\"wpb_text_column\"><div class=\"wpb_wrapper\"><p>Du hast eine andere Idee f\u00fcr uns? Gerne jetzt initiativ Bewerben:<\/p>\n<\/div><\/div><\/div><\/div><\/div><\/div><\/div><\/section><section class=\"l-section wpb_row height_small width_custom with_img\" style=\"--site-content-width:650px;\"><div class=\"l-section-img\" role=\"img\" data-img-width=\"1080\" data-img-height=\"1256\" style=\"background-image: url(https:\/\/smartfulfillment.de\/wp-content\/uploads\/2023\/12\/logo-icon-dark.svg);\"><\/div><div class=\"l-section-overlay\" style=\"background:linear-gradient(0deg,rgba(255,255,255,0.7),#ffffff)\"><\/div><div class=\"l-section-h i-cf\"><div class=\"g-cols vc_row via_flex valign_middle type_default stacking_default\"><div class=\"vc_col-sm-12 wpb_column vc_column_container\"><div class=\"vc_column-inner\"><div class=\"wpb_wrapper\"><div class=\"w-separator size_custom\" style=\"height:0\" id=\"i92b\"><style>@media(max-width:1024px){ #i92b{height:3rem!important}}@media(max-width:600px){ #i92b{height:3rem!important}}<\/style><\/div><h5 class=\"w-text us_custom_eb849559\"><span class=\"w-text-h\"><span class=\"w-text-value\">Kontakt Formular<\/span><\/span><\/h5><form class=\"w-form  layout_ver for_cform us_form_1\" autocomplete=\"off\" action=\"\/en\/wp-json\/wp\/v2\/pages\/41\" method=\"post\" data-trp-original-action=\"https:\/\/smartfulfillment.de\/en\/en\/wp-json\/wp\/v2\/pages\/41\"><div class=\"w-form-h\"><div class=\"w-form-row for_text has_label required\">\r\n\t\t\t<div class=\"w-form-row-label\">\r\n\t\t\t<span>Name *<\/span>\r\n\t\t<\/div>\r\n\t\t<div class=\"w-form-row-field\">\r\n\t\t\t\t\t\t<input aria-label=\"Name\" type=\"text\" name=\"us_form_1_text_1\" value placeholder data-required=\"true\" aria-required=\"true\"\/>\r\n\t\t\t<\/div>\r\n\t\t<div class=\"w-form-row-state\">Fill out this field<\/div>\r\n<\/div>\r\n<div class=\"w-form-row for_text has_label required cols_2\">\r\n\t\t\t<div class=\"w-form-row-label\">\r\n\t\t\t<span>Telefon *<\/span>\r\n\t\t<\/div>\r\n\t\t<div class=\"w-form-row-field\">\r\n\t\t\t\t\t\t<input aria-label=\"Telefon\" inputmode=\"tel\" type=\"text\" name=\"us_form_1_text_2\" value placeholder data-required=\"true\" aria-required=\"true\"\/>\r\n\t\t\t<\/div>\r\n\t\t<div class=\"w-form-row-state\">Fill out this field<\/div>\r\n<\/div>\r\n<div class=\"w-form-row for_email has_label required cols_2\">\r\n\t\t\t<div class=\"w-form-row-label\">\r\n\t\t\t<span>E-Mail *<\/span>\r\n\t\t<\/div>\r\n\t\t<div class=\"w-form-row-field\">\r\n\t\t\t\t\t\t<input aria-label=\"E-Mail\" type=\"email\" name=\"us_form_1_email_1\" value placeholder data-required=\"true\" aria-required=\"true\"\/>\r\n\t\t\t<\/div>\r\n\t\t<div class=\"w-form-row-state\">Please enter a valid email address.<\/div>\r\n<\/div>\r\n<div class=\"w-form-row for_textarea has_label\">\r\n\t\t\t<div class=\"w-form-row-label\">\r\n\t\t\t<span>Deine Nachricht<\/span>\r\n\t\t<\/div>\r\n\t\t<div class=\"w-form-row-field\">\r\n\t\t\t\t\t\t<textarea aria-label=\"Deine Nachricht\" name=\"us_form_1_textarea_1\" placeholder><\/textarea>\r\n\t\t\t<\/div>\r\n\t\t<div class=\"w-form-row-state\">Fill out this field<\/div>\r\n<\/div>\r\n<div class=\"w-form-row for_captcha has_label required cols_2\">\r\n\t<div class=\"w-form-row-label\">\r\n\t\t<span>\u00dcberpr\u00fcfung <span>19 - 7 = ?<\/span><\/span>\r\n\t<\/div>\r\n\t<div class=\"w-form-row-field\">\r\n\t\t\t\t<input type=\"hidden\" name=\"us_form_1_captcha_1_hash\" value=\"8e32778ec9c042cd9201034fd6d790c3\" \/>\r\n\t\t\t\t<input aria-label=\"\u00dcberpr\u00fcfung\" type=\"text\" name=\"us_form_1_captcha_1\" placeholder data-required=\"true\" aria-required=\"true\"\/>\r\n\t\t\t<\/div>\r\n\t\t<div class=\"w-form-row-state\">Enter the equation result to proceed<\/div>\r\n<\/div>\r\n<input type=\"hidden\" name=\"action\" value=\"us_ajax_cform\" \/>\r\n<input type=\"hidden\" name=\"post_id\" value=\"0\" \/>\r\n<input type=\"hidden\" name=\"form_index\" value=\"1\" \/>\r\n<div class=\"w-form-row for_submit align_none\">\r\n\t<button class=\"w-btn icon_atright us-btn-style_2\" aria-label=\"Formular absenden\" type=\"submit\">\r\n\t\t<span class=\"g-preloader type_1\"><\/span>\r\n\t\t\t\t<span class=\"w-btn-label\">Formular absenden<\/span>\r\n\t\t<i class=\"far fa-paper-plane\"><\/i>\t<\/button>\r\n\t<\/div>\r\n<\/div><div class=\"w-form-message\"><\/div><div class=\"w-form-json hidden\" onclick='return {&quot;ajaxurl&quot;:&quot;https:\\\/\\\/smartfulfillment.de\\\/wp-admin\\\/admin-ajax.php&quot;,&quot;messages&quot;:{&quot;err_empty&quot;:&quot;Fill out this field&quot;,&quot;err_size&quot;:&quot;File size cannot exceed %s MB&quot;,&quot;err_extension&quot;:&quot;%s file type is not allowed&quot;}}'><\/div><input type=\"hidden\" name=\"trp-form-language\" value=\"en\"\/><\/form><div class=\"w-separator size_medium\"><\/div><\/div><\/div><\/div><\/div><\/div><\/section>","protected":false},"excerpt":{"rendered":"JobsSmart Fulfillment Mitarbeiter Lager &amp; Logistik (m\/w\/d) (Vollzeit\/Teilzeit)Deine Aufgaben: Du pickst die Artikel mit unseren It-gest\u00fctzen Systemen Du verpackst die Ware und stellst diese f\u00fcr den Versand bereit Du arbeitest im Team Das solltest du mitbringen: Erfahrung im Lager ist w\u00fcnschenswert aber kein Muss Einsatzbereitschaft sowie Sicherheits- und Qualit\u00e4tsbewusstsein Belastbarkeit, Teamf\u00e4higkeit und \u00fcberdurchschnittliches Engagement Sehr...","protected":false},"author":1,"featured_media":0,"parent":0,"menu_order":4,"comment_status":"closed","ping_status":"closed","template":"","meta":{"footnotes":"","_wp_rev_ctl_limit":""},"class_list":["post-41","page","type-page","status-publish","hentry"],"_links":{"self":[{"href":"https:\/\/smartfulfillment.de\/en\/wp-json\/wp\/v2\/pages\/41","targetHints":{"allow":["GET"]}}],"collection":[{"href":"https:\/\/smartfulfillment.de\/en\/wp-json\/wp\/v2\/pages"}],"about":[{"href":"https:\/\/smartfulfillment.de\/en\/wp-json\/wp\/v2\/types\/page"}],"author":[{"embeddable":true,"href":"https:\/\/smartfulfillment.de\/en\/wp-json\/wp\/v2\/users\/1"}],"replies":[{"embeddable":true,"href":"https:\/\/smartfulfillment.de\/en\/wp-json\/wp\/v2\/comments?post=41"}],"version-history":[{"count":5,"href":"https:\/\/smartfulfillment.de\/en\/wp-json\/wp\/v2\/pages\/41\/revisions"}],"predecessor-version":[{"id":233,"href":"https:\/\/smartfulfillment.de\/en\/wp-json\/wp\/v2\/pages\/41\/revisions\/233"}],"wp:attachment":[{"href":"https:\/\/smartfulfillment.de\/en\/wp-json\/wp\/v2\/media?parent=41"}],"curies":[{"name":"wp","href":"https:\/\/api.w.org\/{rel}","templated":true}]}}