{"id":49,"date":"2023-12-11T13:08:34","date_gmt":"2023-12-11T12:08:34","guid":{"rendered":"http:\/\/smartfulfillment.de\/?page_id=49"},"modified":"2024-01-12T12:21:46","modified_gmt":"2024-01-12T11:21:46","slug":"fulfillment-faq","status":"publish","type":"page","link":"https:\/\/smartfulfillment.de\/en\/fulfillment-faq\/","title":{"rendered":"Fulfillment FAQ"},"content":{"rendered":"<section class=\"l-section wpb_row pageTitle height_huge color_primary parallax_ver\"><div class=\"l-section-overlay\" style=\"background:rgba(0,138,205,0.80)\"><\/div><div class=\"l-section-h i-cf\"><div class=\"g-cols vc_row via_flex valign_middle type_default stacking_default\"><div class=\"vc_col-sm-12 wpb_column vc_column_container\"><div class=\"vc_column-inner\"><div class=\"wpb_wrapper\"><h2 class=\"w-post-elm post_title us_custom_492414af has_text_color us_animate_this align_center entry-title color_link_inherit\">Fulfillment FAQ<\/h2><\/div><\/div><\/div><\/div><\/div><\/section><section class=\"l-section wpb_row height_medium width_custom\" style=\"--site-content-width:900px;\"><div class=\"l-section-h i-cf\"><div class=\"g-cols vc_row via_flex valign_top type_default stacking_default\"><div class=\"vc_col-sm-12 wpb_column vc_column_container\"><div class=\"vc_column-inner\"><div class=\"wpb_wrapper\"><div class=\"w-tabs style_default switch_click accordion remove_indents\"><div class=\"w-tabs-sections titles-align_none icon_plus cpos_right\"><div class=\"w-tabs-section active has_text_color\" id=\"k5b5\" style=\"color:var(--color-content-heading);\"><button class=\"w-tabs-section-header active\" aria-controls=\"content-k5b5\" aria-expanded=\"true\"><h6 class=\"w-tabs-section-title\">Was ist Smartfulfillment?<\/h6><div class=\"w-tabs-section-control\"><\/div><\/button><div  class=\"w-tabs-section-content\" id=\"content-k5b5\"><div class=\"w-tabs-section-content-h i-cf\"><div class=\"wpb_text_column us_custom_e89f51fc\"><div class=\"wpb_wrapper\"><p>Smartfulfillment umfasst s\u00e4mtliche logistischen Prozesse, angefangen von der Lagerung \u00fcber die Auftragsabwicklung bis hin zum Versand von Produkten im Auftrag von Unternehmen. Dieser umfassende Service erm\u00f6glicht es Unternehmen, sich auf ihr Kerngesch\u00e4ft zu fokussieren, w\u00e4hrend alle logistischen Anforderungen von Smartfulfillment \u00fcbernommen werden.<\/p>\n<\/div><\/div><\/div><\/div><\/div><div class=\"w-tabs-section has_text_color\" id=\"m6e2\" style=\"color:var(--color-content-heading);\"><button class=\"w-tabs-section-header\" aria-controls=\"content-m6e2\" aria-expanded=\"false\"><h6 class=\"w-tabs-section-title\">Warum ist Smartfulfillment wichtig?<\/h6><div class=\"w-tabs-section-control\"><\/div><\/button><div  class=\"w-tabs-section-content\" id=\"content-m6e2\"><div class=\"w-tabs-section-content-h i-cf\"><div class=\"wpb_text_column us_custom_e89f51fc\"><div class=\"wpb_wrapper\"><p>Smartfulfillment ist von entscheidender Bedeutung, da es Unternehmen die M\u00f6glichkeit gibt, ihre Ressourcen effizient zu nutzen. Durch die Auslagerung logistischer Aufgaben k\u00f6nnen Unternehmen Zeit und Energie sparen, die dann f\u00fcr strategische Planung und Wachstum genutzt werden k\u00f6nnen.<\/p>\n<\/div><\/div><\/div><\/div><\/div><div class=\"w-tabs-section has_text_color\" id=\"w808\" style=\"color:var(--color-content-heading);\"><button class=\"w-tabs-section-header\" aria-controls=\"content-w808\" aria-expanded=\"false\"><h6 class=\"w-tabs-section-title\">Welche Vorteile bietet Smartfulfillment?<\/h6><div class=\"w-tabs-section-control\"><\/div><\/button><div  class=\"w-tabs-section-content\" id=\"content-w808\"><div class=\"w-tabs-section-content-h i-cf\"><div class=\"wpb_text_column us_custom_e89f51fc\"><div class=\"wpb_wrapper\"><p>Die Vorteile von Smartfulfillment umfassen nicht nur effiziente Lagerverwaltung und schnellen Versand, sondern auch Kosteneinsparungen sowie die M\u00f6glichkeit, sich verst\u00e4rkt auf gesch\u00e4ftliche Wachstumsstrategien zu konzentrieren.<\/p>\n<\/div><\/div><\/div><\/div><\/div><div class=\"w-tabs-section has_text_color\" id=\"y927\" style=\"color:var(--color-content-heading);\"><button class=\"w-tabs-section-header\" aria-controls=\"content-y927\" aria-expanded=\"false\"><h6 class=\"w-tabs-section-title\">F\u00fcr welche Art von Unternehmen ist Smartfulfillment geeignet?<\/h6><div class=\"w-tabs-section-control\"><\/div><\/button><div  class=\"w-tabs-section-content\" id=\"content-y927\"><div class=\"w-tabs-section-content-h i-cf\"><div class=\"wpb_text_column us_custom_e89f51fc\"><div class=\"wpb_wrapper\"><p>Smartfulfillment eignet sich f\u00fcr Unternehmen jeder Gr\u00f6\u00dfe, insbesondere im E-Commerce. Vom kleinen Start-up bis zum etablierten Gro\u00dfunternehmen bietet Smartfulfillment skalierbare L\u00f6sungen, um logistische Prozesse zu optimieren.<\/p>\n<\/div><\/div><\/div><\/div><\/div><div class=\"w-tabs-section has_text_color\" id=\"qa44\" style=\"color:var(--color-content-heading);\"><button class=\"w-tabs-section-header\" aria-controls=\"content-qa44\" aria-expanded=\"false\"><h6 class=\"w-tabs-section-title\">Wie funktioniert der Smartfulfillment-Prozess?<\/h6><div class=\"w-tabs-section-control\"><\/div><\/button><div  class=\"w-tabs-section-content\" id=\"content-qa44\"><div class=\"w-tabs-section-content-h i-cf\"><div class=\"wpb_text_column us_custom_e89f51fc\"><div class=\"wpb_wrapper\"><p>Der Smartfulfillment-Prozess beginnt mit der Lagerung der Produkte, gefolgt von der Bestellabwicklung, Verpackung, Versand und abschlie\u00dfender Nachverfolgung. Jeder Schritt wird sorgf\u00e4ltig koordiniert, um eine reibungslose Abwicklung sicherzustellen.<\/p>\n<\/div><\/div><\/div><\/div><\/div><div class=\"w-tabs-section has_text_color\" id=\"gb60\" style=\"color:var(--color-content-heading);\"><button class=\"w-tabs-section-header\" aria-controls=\"content-gb60\" aria-expanded=\"false\"><h6 class=\"w-tabs-section-title\">Welche Arten von Produkten k\u00f6nnen durch Smartfulfillment abgewickelt werden?<\/h6><div class=\"w-tabs-section-control\"><\/div><\/button><div  class=\"w-tabs-section-content\" id=\"content-gb60\"><div class=\"w-tabs-section-content-h i-cf\"><div class=\"wpb_text_column us_custom_e89f51fc\"><div class=\"wpb_wrapper\"><p>Smartfulfillment kann f\u00fcr eine breite Palette von Produkten genutzt werden, von kleinen Artikeln bis zu sperrigen G\u00fctern. Die Vielseitigkeit des Services erm\u00f6glicht eine Anpassung an unterschiedlichste Waren.<\/p>\n<\/div><\/div><\/div><\/div><\/div><div class=\"w-tabs-section has_text_color\" id=\"cc80\" style=\"color:var(--color-content-heading);\"><button class=\"w-tabs-section-header\" aria-controls=\"content-cc80\" aria-expanded=\"false\"><h6 class=\"w-tabs-section-title\">Wie hoch sind die Smartfulfillment-Kosten?<\/h6><div class=\"w-tabs-section-control\"><\/div><\/button><div  class=\"w-tabs-section-content\" id=\"content-cc80\"><div class=\"w-tabs-section-content-h i-cf\"><div class=\"wpb_text_column us_custom_e89f51fc\"><div class=\"wpb_wrapper\"><p>Die Kosten f\u00fcr Smartfulfillment variieren je nach Dienstleister und Umfang der Dienstleistungen. Sie umfassen oft Lagergeb\u00fchren, Pick-and-Pack-Geb\u00fchren und Versandkosten<\/p>\n<\/div><\/div><\/div><\/div><\/div><div class=\"w-tabs-section has_text_color\" id=\"sd99\" style=\"color:var(--color-content-heading);\"><button class=\"w-tabs-section-header\" aria-controls=\"content-sd99\" aria-expanded=\"false\"><h6 class=\"w-tabs-section-title\">Ist Smartfulfillment nur f\u00fcr den Versand an Endverbraucher geeignet?<\/h6><div class=\"w-tabs-section-control\"><\/div><\/button><div  class=\"w-tabs-section-content\" id=\"content-sd99\"><div class=\"w-tabs-section-content-h i-cf\"><div class=\"wpb_text_column us_custom_e89f51fc\"><div class=\"wpb_wrapper\"><p>Nein, Smartfulfillment kann auch erfolgreich f\u00fcr den B2B-Versand genutzt werden. Der Service passt sich flexibel den Anforderungen unterschiedlicher Zielgruppen an.<\/p>\n<\/div><\/div><\/div><\/div><\/div><div class=\"w-tabs-section has_text_color\" id=\"veb4\" style=\"color:var(--color-content-heading);\"><button class=\"w-tabs-section-header\" aria-controls=\"content-veb4\" aria-expanded=\"false\"><h6 class=\"w-tabs-section-title\">Wie schnell erfolgt der Versand durch Smartfulfillment?<\/h6><div class=\"w-tabs-section-control\"><\/div><\/button><div  class=\"w-tabs-section-content\" id=\"content-veb4\"><div class=\"w-tabs-section-content-h i-cf\"><div class=\"wpb_text_column us_custom_e89f51fc\"><div class=\"wpb_wrapper\"><p>Die Geschwindigkeit des Smartfulfillment-Versands h\u00e4ngt vom Dienstleister und der gew\u00e4hlten Versandoption ab. Express-Optionen sind oft verf\u00fcgbar, um eine z\u00fcgige Lieferung zu gew\u00e4hrleisten.<\/p>\n<\/div><\/div><\/div><\/div><\/div><div class=\"w-tabs-section has_text_color\" id=\"xfd2\" style=\"color:var(--color-content-heading);\"><button class=\"w-tabs-section-header\" aria-controls=\"content-xfd2\" aria-expanded=\"false\"><h6 class=\"w-tabs-section-title\">Wie kann ich Smartfulfillment in mein Unternehmen integrieren?<\/h6><div class=\"w-tabs-section-control\"><\/div><\/button><div  class=\"w-tabs-section-content\" id=\"content-xfd2\"><div class=\"w-tabs-section-content-h i-cf\"><div class=\"wpb_text_column us_custom_e89f51fc\"><div class=\"wpb_wrapper\"><p>Die Integration von Smartfulfillment in Ihr Unternehmen beginnt mit einer individuellen Beratung. Kontaktieren Sie uns, um ma\u00dfgeschneiderte L\u00f6sungen f\u00fcr Ihre spezifischen Anforderungen zu besprechen.<\/p>\n<\/div><\/div><\/div><\/div><\/div><div class=\"w-tabs-section has_text_color\" id=\"x0eb\" style=\"color:var(--color-content-heading);\"><button class=\"w-tabs-section-header\" aria-controls=\"content-x0eb\" aria-expanded=\"false\"><h6 class=\"w-tabs-section-title\">Welche Rolle spielt Technologie im Smartfulfillment?<\/h6><div class=\"w-tabs-section-control\"><\/div><\/button><div  class=\"w-tabs-section-content\" id=\"content-x0eb\"><div class=\"w-tabs-section-content-h i-cf\"><div class=\"wpb_text_column us_custom_e89f51fc\"><div class=\"wpb_wrapper\"><p>Technologische L\u00f6sungen, wie Lagerverwaltungssysteme und automatisierte Bestandsverfolgung, sind integraler Bestandteil des Smartfulfillment-Prozesses. Sie optimieren die Effizienz und Genauigkeit der Abl\u00e4ufe.<\/p>\n<\/div><\/div><\/div><\/div><\/div><div class=\"w-tabs-section has_text_color\" id=\"j207\" style=\"color:var(--color-content-heading);\"><button class=\"w-tabs-section-header\" aria-controls=\"content-j207\" aria-expanded=\"false\"><h6 class=\"w-tabs-section-title\">Kann ich meine eigenen Verpackungsmaterialien verwenden?<\/h6><div class=\"w-tabs-section-control\"><\/div><\/button><div  class=\"w-tabs-section-content\" id=\"content-j207\"><div class=\"w-tabs-section-content-h i-cf\"><div class=\"wpb_text_column us_custom_e89f51fc\"><div class=\"wpb_wrapper\"><p>Ja, viele Smartfulfillment-Dienstleister erm\u00f6glichen die Verwendung kundenspezifischer Verpackungsmaterialien. Dies erm\u00f6glicht eine einheitliche Markendarstellung.<\/p>\n<\/div><\/div><\/div><\/div><\/div><div class=\"w-tabs-section has_text_color\" id=\"f324\" style=\"color:var(--color-content-heading);\"><button class=\"w-tabs-section-header\" aria-controls=\"content-f324\" aria-expanded=\"false\"><h6 class=\"w-tabs-section-title\">Welche Versandoptionen stehen zur Verf\u00fcgung?<\/h6><div class=\"w-tabs-section-control\"><\/div><\/button><div  class=\"w-tabs-section-content\" id=\"content-f324\"><div class=\"w-tabs-section-content-h i-cf\"><div class=\"wpb_text_column us_custom_e89f51fc\"><div class=\"wpb_wrapper\"><p>Neben Standardversand bieten Smartfulfillment-Dienstleister oft Expressversand und internationale Versandoptionen an, um den unterschiedlichen Anforderungen gerecht zu werden.<\/p>\n<\/div><\/div><\/div><\/div><\/div><div class=\"w-tabs-section has_text_color\" id=\"c441\" style=\"color:var(--color-content-heading);\"><button class=\"w-tabs-section-header\" aria-controls=\"content-c441\" aria-expanded=\"false\"><h6 class=\"w-tabs-section-title\">Wie wird die Sicherheit meiner Produkte im Lager gew\u00e4hrleistet?<\/h6><div class=\"w-tabs-section-control\"><\/div><\/button><div  class=\"w-tabs-section-content\" id=\"content-c441\"><div class=\"w-tabs-section-content-h i-cf\"><div class=\"wpb_text_column us_custom_e89f51fc\"><div class=\"wpb_wrapper\"><p>Lager sind oft mit modernen Sicherheitsma\u00dfnahmen wie \u00dcberwachungskameras, Zugangskontrollen und Alarmsystemen ausgestattet, um die Sicherheit der Produkte zu gew\u00e4hrleisten.<\/p>\n<\/div><\/div><\/div><\/div><\/div><div class=\"w-tabs-section has_text_color\" id=\"s563\" style=\"color:var(--color-content-heading);\"><button class=\"w-tabs-section-header\" aria-controls=\"content-s563\" aria-expanded=\"false\"><h6 class=\"w-tabs-section-title\">Wie erfolgt die R\u00fccksendeabwicklung?<\/h6><div class=\"w-tabs-section-control\"><\/div><\/button><div  class=\"w-tabs-section-content\" id=\"content-s563\"><div class=\"w-tabs-section-content-h i-cf\"><div class=\"wpb_text_column us_custom_e89f51fc\"><div class=\"wpb_wrapper\"><p>R\u00fccksendungen werden sorgf\u00e4ltig entgegengenommen, \u00fcberpr\u00fcft und je nach R\u00fccksendebedingungen des Unternehmens bearbeitet. Eine transparente R\u00fccksendeabwicklung tr\u00e4gt zur Kundenzufriedenheit bei.<\/p>\n<\/div><\/div><\/div><\/div><\/div><div class=\"w-tabs-section has_text_color\" id=\"q680\" style=\"color:var(--color-content-heading);\"><button class=\"w-tabs-section-header\" aria-controls=\"content-q680\" aria-expanded=\"false\"><h6 class=\"w-tabs-section-title\">Kann ich den Lagerbestand in Echtzeit \u00fcberwachen?<\/h6><div class=\"w-tabs-section-control\"><\/div><\/button><div  class=\"w-tabs-section-content\" id=\"content-q680\"><div class=\"w-tabs-section-content-h i-cf\"><div class=\"wpb_text_column us_custom_e89f51fc\"><div class=\"wpb_wrapper\"><p>Ja, viele Smartfulfillment-Dienstleister bieten fortschrittliche Online-Tools an, mit denen der Lagerbestand in Echtzeit \u00fcberwacht werden kann. Dies erm\u00f6glicht eine pr\u00e4zise Bestandsverwaltung.<\/p>\n<\/div><\/div><\/div><\/div><\/div><div class=\"w-tabs-section has_text_color\" id=\"q79e\" style=\"color:var(--color-content-heading);\"><button class=\"w-tabs-section-header\" aria-controls=\"content-q79e\" aria-expanded=\"false\"><h6 class=\"w-tabs-section-title\">Gibt es eine Mindestvertragslaufzeit f\u00fcr Smartfulfillment-Dienstleistungen?<\/h6><div class=\"w-tabs-section-control\"><\/div><\/button><div  class=\"w-tabs-section-content\" id=\"content-q79e\"><div class=\"w-tabs-section-content-h i-cf\"><div class=\"wpb_text_column us_custom_e89f51fc\"><div class=\"wpb_wrapper\"><p>Die Vertragslaufzeit variiert je nach Dienstleister. Einige bieten flexible Vertragsmodelle ohne Mindestlaufzeit.<\/p>\n<\/div><\/div><\/div><\/div><\/div><div class=\"w-tabs-section has_text_color\" id=\"k8b7\" style=\"color:var(--color-content-heading);\"><button class=\"w-tabs-section-header\" aria-controls=\"content-k8b7\" aria-expanded=\"false\"><h6 class=\"w-tabs-section-title\">Wie wirkt sich Smartfulfillment auf meine Kundenbindung aus?<\/h6><div class=\"w-tabs-section-control\"><\/div><\/button><div  class=\"w-tabs-section-content\" id=\"content-k8b7\"><div class=\"w-tabs-section-content-h i-cf\"><div class=\"wpb_text_column us_custom_e89f51fc\"><div class=\"wpb_wrapper\"><p>Schneller und zuverl\u00e4ssiger Versand durch Smartfulfillment kann die Kundenzufriedenheit erh\u00f6hen und die Bindung st\u00e4rken.<\/p>\n<\/div><\/div><\/div><\/div><\/div><div class=\"w-tabs-section has_text_color\" id=\"v9cc\" style=\"color:var(--color-content-heading);\"><button class=\"w-tabs-section-header\" aria-controls=\"content-v9cc\" aria-expanded=\"false\"><h6 class=\"w-tabs-section-title\">Kann Smartfulfillment international genutzt werden?<\/h6><div class=\"w-tabs-section-control\"><\/div><\/button><div  class=\"w-tabs-section-content\" id=\"content-v9cc\"><div class=\"w-tabs-section-content-h i-cf\"><div class=\"wpb_text_column us_custom_e89f51fc\"><div class=\"wpb_wrapper\"><p>Ja, viele Smartfulfillment-Dienstleister bieten internationale Versandl\u00f6sungen und Lagerstandorte an.<\/p>\n<\/div><\/div><\/div><\/div><\/div><div class=\"w-tabs-section has_text_color\" id=\"uaec\" style=\"color:var(--color-content-heading);\"><button class=\"w-tabs-section-header\" aria-controls=\"content-uaec\" aria-expanded=\"false\"><h6 class=\"w-tabs-section-title\">Wer \u00fcbernimmt die Verantwortung bei besch\u00e4digten oder verlorenen Sendungen?<\/h6><div class=\"w-tabs-section-control\"><\/div><\/button><div  class=\"w-tabs-section-content\" id=\"content-uaec\"><div class=\"w-tabs-section-content-h i-cf\"><div class=\"wpb_text_column us_custom_e89f51fc\"><div class=\"wpb_wrapper\"><p>Smartfulfillment-Dienstleister haften oft f\u00fcr Sch\u00e4den oder Verluste w\u00e4hrend des Versands.<\/p>\n<\/div><\/div><\/div><\/div><\/div><\/div><\/div><\/div><\/div><\/div><\/div><\/div><\/section>","protected":false},"excerpt":{"rendered":"Fulfillment FAQWas ist Smartfulfillment?Smartfulfillment umfasst s\u00e4mtliche logistischen Prozesse, angefangen von der Lagerung \u00fcber die Auftragsabwicklung bis hin zum Versand von Produkten im Auftrag von Unternehmen. Dieser umfassende Service erm\u00f6glicht es Unternehmen, sich auf ihr Kerngesch\u00e4ft zu fokussieren, w\u00e4hrend alle logistischen Anforderungen von Smartfulfillment \u00fcbernommen werden. Warum ist Smartfulfillment wichtig?Smartfulfillment ist von entscheidender Bedeutung, da es...","protected":false},"author":1,"featured_media":0,"parent":0,"menu_order":4,"comment_status":"closed","ping_status":"closed","template":"","meta":{"footnotes":"","_wp_rev_ctl_limit":""},"class_list":["post-49","page","type-page","status-publish","hentry"],"_links":{"self":[{"href":"https:\/\/smartfulfillment.de\/en\/wp-json\/wp\/v2\/pages\/49","targetHints":{"allow":["GET"]}}],"collection":[{"href":"https:\/\/smartfulfillment.de\/en\/wp-json\/wp\/v2\/pages"}],"about":[{"href":"https:\/\/smartfulfillment.de\/en\/wp-json\/wp\/v2\/types\/page"}],"author":[{"embeddable":true,"href":"https:\/\/smartfulfillment.de\/en\/wp-json\/wp\/v2\/users\/1"}],"replies":[{"embeddable":true,"href":"https:\/\/smartfulfillment.de\/en\/wp-json\/wp\/v2\/comments?post=49"}],"version-history":[{"count":4,"href":"https:\/\/smartfulfillment.de\/en\/wp-json\/wp\/v2\/pages\/49\/revisions"}],"predecessor-version":[{"id":157,"href":"https:\/\/smartfulfillment.de\/en\/wp-json\/wp\/v2\/pages\/49\/revisions\/157"}],"wp:attachment":[{"href":"https:\/\/smartfulfillment.de\/en\/wp-json\/wp\/v2\/media?parent=49"}],"curies":[{"name":"wp","href":"https:\/\/api.w.org\/{rel}","templated":true}]}}